{"id":456,"date":"2025-10-19T08:16:43","date_gmt":"2025-10-19T08:16:43","guid":{"rendered":"https:\/\/healthy-laser.co.il\/?page_id=456"},"modified":"2025-12-01T14:01:39","modified_gmt":"2025-12-01T14:01:39","slug":"contact","status":"publish","type":"page","link":"https:\/\/healthy-laser.co.il\/fr\/contact","title":{"rendered":"Contact"},"content":{"rendered":"\t\t<div data-elementor-type=\"wp-page\" data-elementor-id=\"456\" class=\"elementor elementor-456\" data-elementor-post-type=\"page\">\n\t\t\t\t<div class=\"elementor-element elementor-element-046b1eb e-con-full e-flex e-con e-parent\" data-id=\"046b1eb\" data-element_type=\"container\" data-settings=\"{&quot;background_background&quot;:&quot;classic&quot;}\">\n\t\t\t\t<div class=\"elementor-element elementor-element-efd5eb1 elementor-widget elementor-widget-heading\" data-id=\"efd5eb1\" data-element_type=\"widget\" data-widget_type=\"heading.default\">\n\t\t\t\t<div class=\"elementor-widget-container\">\n\t\t\t\t\t<h2 class=\"elementor-heading-title elementor-size-default\">Contact<\/h2>\t\t\t\t<\/div>\n\t\t\t\t<\/div>\n\t\t\t\t<\/div>\n\t\t<div class=\"elementor-element elementor-element-85d4367 e-flex e-con-boxed e-con e-parent\" data-id=\"85d4367\" data-element_type=\"container\">\n\t\t\t\t\t<div class=\"e-con-inner\">\n\t\t<div class=\"elementor-element elementor-element-46c5c53 e-con-full e-flex e-con e-child\" data-id=\"46c5c53\" data-element_type=\"container\">\n\t\t<div class=\"elementor-element elementor-element-a3ffa2b e-con-full e-flex e-con e-child\" data-id=\"a3ffa2b\" data-element_type=\"container\">\n\t\t\t\t<div class=\"elementor-element elementor-element-61a8350 elementor-widget elementor-widget-heading\" data-id=\"61a8350\" data-element_type=\"widget\" data-widget_type=\"heading.default\">\n\t\t\t\t<div class=\"elementor-widget-container\">\n\t\t\t\t\t<h2 class=\"elementor-heading-title elementor-size-default\">Restons en contact<\/h2>\t\t\t\t<\/div>\n\t\t\t\t<\/div>\n\t\t\t\t<div class=\"elementor-element elementor-element-8f3cfe9 elementor-widget__width-initial elementor-widget-mobile__width-inherit elementor-widget elementor-widget-text-editor\" data-id=\"8f3cfe9\" data-element_type=\"widget\" data-widget_type=\"text-editor.default\">\n\t\t\t\t<div class=\"elementor-widget-container\">\n\t\t\t\t\t\t\t\t\t<p><strong>Vous avez d\u00e9cid\u00e9 d\u2019arr\u00eater de fumer et vous souhaitez franchir le pas ? Vous h\u00e9sitez encore et vous aimeriez en savoir plus sur notre m\u00e9thode ?<\/strong> Quelle que soit votre situation, notre \u00e9quipe est l\u00e0 pour vous \u00e9couter, vous conseiller et vous accompagner.<\/p><p>Chez Healthy Laser, nous savons qu\u2019arr\u00eater de fumer est une d\u00e9cision importante. C\u2019est pourquoi nous mettons tout en \u0153uvre pour vous offrir un accueil chaleureux et une r\u00e9ponse rapide \u00e0 toutes vos questions.<\/p>\t\t\t\t\t\t\t\t<\/div>\n\t\t\t\t<\/div>\n\t\t\t\t<div class=\"elementor-element elementor-element-f08a768 elementor-widget elementor-widget-heading\" data-id=\"f08a768\" data-element_type=\"widget\" data-widget_type=\"heading.default\">\n\t\t\t\t<div class=\"elementor-widget-container\">\n\t\t\t\t\t<h2 class=\"elementor-heading-title elementor-size-default\">Prendre rendez-vous<\/h2>\t\t\t\t<\/div>\n\t\t\t\t<\/div>\n\t\t\t\t<div class=\"elementor-element elementor-element-8f8d0ff elementor-widget__width-initial elementor-widget-mobile__width-inherit elementor-widget elementor-widget-text-editor\" data-id=\"8f8d0ff\" data-element_type=\"widget\" data-widget_type=\"text-editor.default\">\n\t\t\t\t<div class=\"elementor-widget-container\">\n\t\t\t\t\t\t\t\t\t<p>La premi\u00e8re \u00e9tape vers une vie sans tabac, c\u2019est un simple clic.\u2028<span style=\"color: #2563eb; font-weight: bold;\">Prenez rendez-vous en ligne<\/span> et choisissez le centre le plus proche de chez vous : <span style=\"font-weight: bold;\">Bnei Brak ou Ashdod<\/span><br \/>Vous pouvez \u00e9galement nous contacter par t\u00e9l\u00e9phone ou par email. Notre \u00e9quipe se fera un plaisir de trouver avec vous le cr\u00e9neau qui vous convient.<\/p>\t\t\t\t\t\t\t\t<\/div>\n\t\t\t\t<\/div>\n\t\t\t\t<div class=\"elementor-element elementor-element-0ca265f elementor-widget__width-initial elementor-widget elementor-widget-text-editor\" data-id=\"0ca265f\" data-element_type=\"widget\" data-widget_type=\"text-editor.default\">\n\t\t\t\t<div class=\"elementor-widget-container\">\n\t\t\t\t\t\t\t\t\t<p>Nos coordonn\u00e9es<\/p>\t\t\t\t\t\t\t\t<\/div>\n\t\t\t\t<\/div>\n\t\t\t\t<div class=\"elementor-element elementor-element-2734f59 elementor-icon-list--layout-traditional elementor-list-item-link-full_width elementor-widget elementor-widget-icon-list\" data-id=\"2734f59\" data-element_type=\"widget\" data-widget_type=\"icon-list.default\">\n\t\t\t\t<div class=\"elementor-widget-container\">\n\t\t\t\t\t\t\t<ul class=\"elementor-icon-list-items\">\n\t\t\t\t\t\t\t<li class=\"elementor-icon-list-item\">\n\t\t\t\t\t\t\t\t\t\t\t<a href=\"tel:+972552500532\">\n\n\t\t\t\t\t\t\t\t\t\t\t\t<span class=\"elementor-icon-list-icon\">\n\t\t\t\t\t\t\t<svg xmlns=\"http:\/\/www.w3.org\/2000\/svg\" width=\"16\" height=\"16\" viewBox=\"0 0 16 16\" fill=\"none\"><path fill-rule=\"evenodd\" clip-rule=\"evenodd\" d=\"M3.82198 1.36187C4.63331 0.555205 5.96931 0.698539 6.64864 1.60654L7.48998 2.72921C8.04331 3.46787 7.99398 4.49987 7.33731 5.15254L7.17864 5.31121C7.16065 5.37781 7.15882 5.44775 7.17331 5.51521C7.21531 5.78721 7.44264 6.36321 8.39464 7.30987C9.34664 8.25654 9.92664 8.48321 10.2026 8.52587C10.2722 8.53986 10.344 8.53781 10.4126 8.51987L10.6846 8.24921C11.2686 7.66921 12.1646 7.56054 12.8873 7.95321L14.1606 8.64654C15.252 9.23854 15.5273 10.7212 14.634 11.6099L13.6866 12.5512C13.388 12.8479 12.9866 13.0952 12.4973 13.1412C11.2906 13.2539 8.47931 13.1099 5.52398 10.1719C2.76598 7.42921 2.23664 5.03721 2.16931 3.85854C2.13598 3.26254 2.41731 2.75854 2.77598 2.40254L3.82198 1.36187ZM5.84864 2.20587C5.51064 1.75454 4.88131 1.71854 4.52664 2.07121L3.47998 3.11121C3.25998 3.32987 3.15464 3.57121 3.16798 3.80187C3.22131 4.73854 3.64798 6.89654 6.22931 9.46321C8.93731 12.1552 11.438 12.2359 12.4046 12.1452C12.602 12.1272 12.798 12.0245 12.9813 11.8425L13.928 10.9005C14.3133 10.5179 14.2286 9.82054 13.6833 9.52454L12.41 8.83187C12.058 8.64121 11.646 8.70387 11.39 8.95854L11.0866 9.26054L10.7333 8.90588C11.0866 9.26054 11.086 9.26121 11.0853 9.26121L11.0846 9.26254L11.0826 9.26454L11.078 9.26854L11.068 9.27787C11.0398 9.304 11.0095 9.32764 10.9773 9.34854C10.924 9.38387 10.8533 9.42321 10.7646 9.45587C10.5846 9.52321 10.346 9.55921 10.0513 9.51388C9.47331 9.42521 8.70731 9.03121 7.68931 8.01921C6.67198 7.00721 6.27464 6.24587 6.18531 5.66854C6.13931 5.37387 6.17598 5.13521 6.24398 4.95521C6.2814 4.85392 6.33498 4.75936 6.40264 4.67521L6.42398 4.65187L6.43331 4.64187L6.43731 4.63787L6.43931 4.63587L6.44064 4.63454L6.63264 4.44387C6.91798 4.15921 6.95798 3.68787 6.68931 3.32854L5.84864 2.20587Z\" fill=\"#2563EB\"><\/path><\/svg>\t\t\t\t\t\t<\/span>\n\t\t\t\t\t\t\t\t\t\t<span class=\"elementor-icon-list-text\">055-250-0532<\/span>\n\t\t\t\t\t\t\t\t\t\t\t<\/a>\n\t\t\t\t\t\t\t\t\t<\/li>\n\t\t\t\t\t\t\t\t<li class=\"elementor-icon-list-item\">\n\t\t\t\t\t\t\t\t\t\t\t<a href=\"mailto:contact@healthy-laser.co.il\">\n\n\t\t\t\t\t\t\t\t\t\t\t\t<span class=\"elementor-icon-list-icon\">\n\t\t\t\t\t\t\t<svg xmlns=\"http:\/\/www.w3.org\/2000\/svg\" width=\"14\" height=\"12\" viewBox=\"0 0 14 12\" fill=\"none\"><path d=\"M11.1667 0.833496H2.83337C1.7288 0.833496 0.833374 1.72893 0.833374 2.8335V9.16683C0.833374 10.2714 1.7288 11.1668 2.83337 11.1668H11.1667C12.2713 11.1668 13.1667 10.2714 13.1667 9.16683V2.8335C13.1667 1.72893 12.2713 0.833496 11.1667 0.833496Z\" stroke=\"#2563EB\" stroke-width=\"1.1\" stroke-linecap=\"round\" stroke-linejoin=\"round\"><\/path><path d=\"M0.833374 3.3335L6.44337 5.91083C6.61799 5.99106 6.80788 6.03259 7.00004 6.03259C7.1922 6.03259 7.38209 5.99106 7.55671 5.91083L13.1667 3.3335\" stroke=\"#2563EB\" stroke-width=\"1.1\" stroke-linecap=\"round\" stroke-linejoin=\"round\"><\/path><\/svg>\t\t\t\t\t\t<\/span>\n\t\t\t\t\t\t\t\t\t\t<span class=\"elementor-icon-list-text\">contact@healthy-laser.co.il<\/span>\n\t\t\t\t\t\t\t\t\t\t\t<\/a>\n\t\t\t\t\t\t\t\t\t<\/li>\n\t\t\t\t\t\t\t\t<li class=\"elementor-icon-list-item\">\n\t\t\t\t\t\t\t\t\t\t\t<span class=\"elementor-icon-list-icon\">\n\t\t\t\t\t\t\t<svg xmlns=\"http:\/\/www.w3.org\/2000\/svg\" width=\"16\" height=\"16\" viewBox=\"0 0 16 16\" fill=\"none\"><path fill-rule=\"evenodd\" clip-rule=\"evenodd\" d=\"M11.9073 2.10881L12.014 2.14481L12.8153 2.41148C13.124 2.51481 13.3953 2.60481 13.6093 2.70481C13.8413 2.81281 14.054 2.95148 14.2167 3.17748C14.3793 3.40348 14.444 3.64881 14.4733 3.90281C14.5 4.13814 14.5 4.42348 14.5 4.74948V10.2241C14.5 10.6895 14.5 11.0821 14.464 11.3928C14.4267 11.7155 14.3427 12.0341 14.1073 12.2915C13.968 12.444 13.7987 12.5661 13.61 12.6501C13.2913 12.7915 12.9627 12.7701 12.6447 12.7041C12.338 12.6401 11.966 12.5161 11.5247 12.3688L11.496 12.3595C10.7493 12.1101 10.4927 12.0328 10.2447 12.0415C10.1456 12.0451 10.0472 12.0582 9.95067 12.0808C9.70867 12.1375 9.482 12.2801 8.82667 12.7168L7.90533 13.3315L7.812 13.3935C7.104 13.8661 6.612 14.1941 6.036 14.2715C5.46067 14.3488 4.89933 14.1615 4.09267 13.8915L3.986 13.8561L3.18467 13.5895C2.876 13.4861 2.60467 13.3961 2.39067 13.2961C2.15867 13.1881 1.946 13.0495 1.78333 12.8228C1.62067 12.5975 1.556 12.3521 1.52667 12.0975C1.5 11.8621 1.5 11.5775 1.5 11.2515V5.77681C1.5 5.31081 1.5 4.91814 1.536 4.60814C1.57333 4.28548 1.65733 3.96681 1.89267 3.70948C2.03198 3.55695 2.20129 3.43484 2.39 3.35081C2.70867 3.20881 3.038 3.23014 3.35533 3.29681C3.662 3.36014 4.034 3.48481 4.47533 3.63214L4.504 3.64148C5.25067 3.89014 5.50733 3.96814 5.756 3.95948C5.85482 3.95585 5.95305 3.94268 6.04933 3.92014C6.29133 3.86281 6.518 3.72014 7.17333 3.28414L8.09467 2.66948L8.188 2.60681C8.896 2.13481 9.388 1.80681 9.96333 1.72948C10.5393 1.65214 11.1007 1.83881 11.9073 2.10881ZM10.5 2.73814V11.0535C10.8573 11.0921 11.2333 11.2175 11.7287 11.3828L11.812 11.4108C12.29 11.5701 12.6067 11.6748 12.8487 11.7255C13.086 11.7748 13.1667 11.7521 13.2033 11.7361C13.2663 11.7082 13.3228 11.6676 13.3693 11.6168C13.396 11.5875 13.4427 11.5175 13.4707 11.2768C13.4993 11.0315 13.5 10.6975 13.5 10.1941V4.77548C13.5 4.41548 13.4993 4.18881 13.48 4.01681C13.4613 3.85748 13.432 3.79814 13.4053 3.76214C13.3793 3.72614 13.3327 3.67881 13.188 3.61148C13.0307 3.53814 12.8147 3.46614 12.4747 3.35214L11.698 3.09348C11.1067 2.89614 10.756 2.78481 10.5 2.73814ZM9.5 11.1735V2.95614C9.29267 3.07614 9.02667 3.25014 8.64933 3.50148L7.728 4.11614L7.65467 4.16481C7.196 4.47148 6.854 4.69948 6.5 4.82748V13.0448C6.70733 12.9248 6.97333 12.7501 7.35067 12.4988L8.272 11.8848L8.34533 11.8361C8.804 11.5295 9.146 11.3015 9.5 11.1735ZM5.5 13.2635V4.94681C5.14267 4.90814 4.76667 4.78281 4.27133 4.61748L4.188 4.58948C3.71 4.43014 3.39333 4.32548 3.15067 4.27481C2.914 4.22548 2.83333 4.24748 2.79733 4.26348C2.73407 4.29151 2.67732 4.33238 2.63067 4.38348C2.604 4.41214 2.55733 4.48214 2.52933 4.72281C2.50067 4.96814 2.5 5.30281 2.5 5.80614V11.2248C2.5 11.5848 2.50067 11.8115 2.52 11.9835C2.53867 12.1428 2.568 12.2015 2.59467 12.2381C2.62067 12.2741 2.66733 12.3215 2.812 12.3888C2.96933 12.4621 3.18533 12.5341 3.52533 12.6481L4.302 12.9068C4.89333 13.1035 5.24333 13.2155 5.5 13.2628\" fill=\"#2563EB\"><\/path><\/svg>\t\t\t\t\t\t<\/span>\n\t\t\t\t\t\t\t\t\t\t<span class=\"elementor-icon-list-text\">Bnei Brak \/ Ashdod<\/span>\n\t\t\t\t\t\t\t\t\t<\/li>\n\t\t\t\t\t\t<\/ul>\n\t\t\t\t\t\t<\/div>\n\t\t\t\t<\/div>\n\t\t\t\t<\/div>\n\t\t<div class=\"elementor-element elementor-element-400a81d e-con-full e-flex e-con e-child\" data-id=\"400a81d\" data-element_type=\"container\">\n\t\t<div class=\"elementor-element elementor-element-ce28335 e-con-full e-flex e-con e-child\" data-id=\"ce28335\" data-element_type=\"container\">\n\t\t\t\t<div class=\"elementor-element elementor-element-554171b elementor-widget elementor-widget-heading\" data-id=\"554171b\" data-element_type=\"widget\" data-widget_type=\"heading.default\">\n\t\t\t\t<div class=\"elementor-widget-container\">\n\t\t\t\t\t<h2 class=\"elementor-heading-title elementor-size-default\">Vous pr\u00e9f\u00e9rez nous \u00e9crire directement ?<\/h2>\t\t\t\t<\/div>\n\t\t\t\t<\/div>\n\t\t\t\t<div class=\"elementor-element elementor-element-c13380b elementor-widget elementor-widget-text-editor\" data-id=\"c13380b\" data-element_type=\"widget\" data-widget_type=\"text-editor.default\">\n\t\t\t\t<div class=\"elementor-widget-container\">\n\t\t\t\t\t\t\t\t\t<p>Remplissez simplement le formulaire ci-dessous.<\/p>\t\t\t\t\t\t\t\t<\/div>\n\t\t\t\t<\/div>\n\t\t\t\t<\/div>\n\t\t\t\t<div class=\"elementor-element elementor-element-852dc22 elementor-button-align-stretch elementor-widget elementor-widget-form\" data-id=\"852dc22\" data-element_type=\"widget\" data-settings=\"{&quot;step_next_label&quot;:&quot;Suivant&quot;,&quot;step_previous_label&quot;:&quot;Pr\\u00e9c\\u00e9dent&quot;,&quot;button_width&quot;:&quot;100&quot;,&quot;step_type&quot;:&quot;number_text&quot;,&quot;step_icon_shape&quot;:&quot;circle&quot;}\" data-widget_type=\"form.default\">\n\t\t\t\t<div class=\"elementor-widget-container\">\n\t\t\t\t\t\t\t<form class=\"elementor-form\" method=\"post\" name=\"Nouveau formulaire\" aria-label=\"Nouveau formulaire\">\n\t\t\t<input type=\"hidden\" name=\"post_id\" value=\"456\"\/>\n\t\t\t<input type=\"hidden\" name=\"form_id\" value=\"852dc22\"\/>\n\t\t\t<input type=\"hidden\" name=\"referer_title\" value=\"Prendre Rendez-Vous - Healthy Laser\" \/>\n\n\t\t\t\t\t\t\t<input type=\"hidden\" name=\"queried_id\" value=\"456\"\/>\n\t\t\t\n\t\t\t<div class=\"elementor-form-fields-wrapper elementor-labels-\">\n\t\t\t\t\t\t\t\t<div class=\"elementor-field-type-text elementor-field-group elementor-column elementor-field-group-name elementor-col-50\">\n\t\t\t\t\t\t\t\t\t\t\t\t<label for=\"form-field-name\" class=\"elementor-field-label elementor-screen-only\">\n\t\t\t\t\t\t\t\tNom\t\t\t\t\t\t\t<\/label>\n\t\t\t\t\t\t\t\t\t\t\t\t\t\t<input size=\"1\" type=\"text\" name=\"form_fields[name]\" id=\"form-field-name\" class=\"elementor-field elementor-size-sm  elementor-field-textual\" placeholder=\"Nom\">\n\t\t\t\t\t\t\t\t\t\t\t<\/div>\n\t\t\t\t\t\t\t\t<div class=\"elementor-field-type-text elementor-field-group elementor-column elementor-field-group-name elementor-col-50\">\n\t\t\t\t\t\t\t\t\t\t\t\t<label for=\"form-field-name\" class=\"elementor-field-label elementor-screen-only\">\n\t\t\t\t\t\t\t\tPr\u00e9nom\t\t\t\t\t\t\t<\/label>\n\t\t\t\t\t\t\t\t\t\t\t\t\t\t<input size=\"1\" type=\"text\" name=\"form_fields[name]\" id=\"form-field-name\" class=\"elementor-field elementor-size-sm  elementor-field-textual\" placeholder=\"Pr\u00e9nom\">\n\t\t\t\t\t\t\t\t\t\t\t<\/div>\n\t\t\t\t\t\t\t\t<div class=\"elementor-field-type-text elementor-field-group elementor-column elementor-field-group-email elementor-col-100 elementor-field-required\">\n\t\t\t\t\t\t\t\t\t\t\t\t<label for=\"form-field-email\" class=\"elementor-field-label elementor-screen-only\">\n\t\t\t\t\t\t\t\tT\u00e9l\u00e9phone\t\t\t\t\t\t\t<\/label>\n\t\t\t\t\t\t\t\t\t\t\t\t\t\t<input size=\"1\" type=\"text\" name=\"form_fields[email]\" id=\"form-field-email\" class=\"elementor-field elementor-size-sm  elementor-field-textual\" placeholder=\"T\u00e9l\u00e9phone\" required=\"required\">\n\t\t\t\t\t\t\t\t\t\t\t<\/div>\n\t\t\t\t\t\t\t\t<div class=\"elementor-field-type-select elementor-field-group elementor-column elementor-field-group-email elementor-col-100 elementor-field-required\">\n\t\t\t\t\t\t\t\t\t\t\t\t<label for=\"form-field-email\" class=\"elementor-field-label elementor-screen-only\">\n\t\t\t\t\t\t\t\tCentre souhait\u00e9\t\t\t\t\t\t\t<\/label>\n\t\t\t\t\t\t\t\t<div class=\"elementor-field elementor-select-wrapper remove-before \">\n\t\t\t<div class=\"select-caret-down-wrapper\">\n\t\t\t\t<svg aria-hidden=\"true\" class=\"e-font-icon-svg e-eicon-caret-down\" viewBox=\"0 0 571.4 571.4\" xmlns=\"http:\/\/www.w3.org\/2000\/svg\"><path d=\"M571 393Q571 407 561 418L311 668Q300 679 286 679T261 668L11 418Q0 407 0 393T11 368 36 357H536Q550 357 561 368T571 393Z\"><\/path><\/svg>\t\t\t<\/div>\n\t\t\t<select name=\"form_fields[email]\" id=\"form-field-email\" class=\"elementor-field-textual elementor-size-sm\" required=\"required\">\n\t\t\t\t\t\t\t\t\t<option value=\"Centre souhait\u00e9\">Centre souhait\u00e9<\/option>\n\t\t\t\t\t\t\t\t\t<option value=\"Bnei Brak\">Bnei Brak<\/option>\n\t\t\t\t\t\t\t\t\t<option value=\"Ashdod\">Ashdod<\/option>\n\t\t\t\t\t\t\t<\/select>\n\t\t<\/div>\n\t\t\t\t\t\t<\/div>\n\t\t\t\t\t\t\t\t<div class=\"elementor-field-type-textarea elementor-field-group elementor-column elementor-field-group-message elementor-col-100\">\n\t\t\t\t\t\t\t\t\t\t\t\t<label for=\"form-field-message\" class=\"elementor-field-label elementor-screen-only\">\n\t\t\t\t\t\t\t\tMessage\t\t\t\t\t\t\t<\/label>\n\t\t\t\t\t\t<textarea class=\"elementor-field-textual elementor-field  elementor-size-sm\" name=\"form_fields[message]\" id=\"form-field-message\" rows=\"2\" placeholder=\"Votre message\"><\/textarea>\t\t\t\t<\/div>\n\t\t\t\t\t\t\t\t<div class=\"elementor-field-group elementor-column elementor-field-type-submit elementor-col-100 e-form__buttons\">\n\t\t\t\t\t<button class=\"elementor-button elementor-size-sm\" type=\"submit\">\n\t\t\t\t\t\t<span class=\"elementor-button-content-wrapper\">\n\t\t\t\t\t\t\t\t\t\t\t\t\t\t\t\t\t\t\t\t\t\t<span class=\"elementor-button-text\">Envoyer<\/span>\n\t\t\t\t\t\t\t\t\t\t\t\t\t<\/span>\n\t\t\t\t\t<\/button>\n\t\t\t\t<\/div>\n\t\t\t<\/div>\n\t\t<\/form>\n\t\t\t\t\t\t<\/div>\n\t\t\t\t<\/div>\n\t\t\t\t<div class=\"elementor-element elementor-element-583f803 elementor-widget elementor-widget-text-editor\" data-id=\"583f803\" data-element_type=\"widget\" data-widget_type=\"text-editor.default\">\n\t\t\t\t<div class=\"elementor-widget-container\">\n\t\t\t\t\t\t\t\t\t<p>En envoyant ce formulaire, vous acceptez notre <a style=\"font-weight: bold; color: #2563eb;\">Politique de confidentialit\u00e9.<\/a> Vos donn\u00e9es seront trait\u00e9es en toute s\u00e9curit\u00e9.<\/p>\t\t\t\t\t\t\t\t<\/div>\n\t\t\t\t<\/div>\n\t\t\t\t<\/div>\n\t\t\t\t<\/div>\n\t\t\t\t\t<\/div>\n\t\t\t\t<\/div>\n\t\t\t\t<\/div>\n\t\t","protected":false},"excerpt":{"rendered":"<p>Contact Restons en contact Vous avez d\u00e9cid\u00e9 d\u2019arr\u00eater de fumer et vous souhaitez franchir le pas ? Vous h\u00e9sitez encore et vous aimeriez en savoir plus sur notre m\u00e9thode ? Quelle que soit votre situation, notre \u00e9quipe est l\u00e0 pour vous \u00e9couter, vous conseiller et vous accompagner. Chez Healthy Laser, nous savons qu\u2019arr\u00eater de fumer [&hellip;]<\/p>\n","protected":false},"author":1,"featured_media":0,"parent":0,"menu_order":0,"comment_status":"closed","ping_status":"closed","template":"","meta":{"footnotes":""},"class_list":["post-456","page","type-page","status-publish","hentry"],"yoast_head":"<!-- This site is optimized with the Yoast SEO plugin v26.4 - https:\/\/yoast.com\/wordpress\/plugins\/seo\/ -->\n<title>Prendre Rendez-Vous - Healthy Laser<\/title>\n<meta name=\"description\" content=\"Contactez Healthy Laser ou prenez rendez-vous pour votre s\u00e9ance d\u2019arr\u00eat du tabac \u00e0 Bnei Brak. Adresse, horaires et formulaire de contact disponibles ici.\" \/>\n<meta name=\"robots\" content=\"index, follow, max-snippet:-1, max-image-preview:large, max-video-preview:-1\" \/>\n<link rel=\"canonical\" href=\"https:\/\/healthy-laser.co.il\/fr\/contact\" \/>\n<meta property=\"og:locale\" content=\"fr_FR\" \/>\n<meta property=\"og:type\" content=\"article\" \/>\n<meta property=\"og:title\" content=\"Prendre Rendez-Vous - Healthy Laser\" \/>\n<meta property=\"og:description\" content=\"Contactez Healthy Laser ou prenez rendez-vous pour votre s\u00e9ance d\u2019arr\u00eat du tabac \u00e0 Bnei Brak. Adresse, horaires et formulaire de contact disponibles ici.\" \/>\n<meta property=\"og:url\" content=\"https:\/\/healthy-laser.co.il\/fr\/contact\" \/>\n<meta property=\"og:site_name\" content=\"Healthy Laser\" \/>\n<meta property=\"article:modified_time\" content=\"2025-12-01T14:01:39+00:00\" \/>\n<meta name=\"twitter:card\" content=\"summary_large_image\" \/>\n<meta name=\"twitter:label1\" content=\"Dur\u00e9e de lecture estim\u00e9e\" \/>\n\t<meta name=\"twitter:data1\" content=\"1 minute\" \/>\n<script type=\"application\/ld+json\" class=\"yoast-schema-graph\">{\"@context\":\"https:\/\/schema.org\",\"@graph\":[{\"@type\":\"WebPage\",\"@id\":\"https:\/\/healthy-laser.co.il\/fr\/contact\",\"url\":\"https:\/\/healthy-laser.co.il\/fr\/contact\",\"name\":\"Prendre Rendez-Vous - Healthy Laser\",\"isPartOf\":{\"@id\":\"https:\/\/healthy-laser.co.il\/fr\/#website\"},\"datePublished\":\"2025-10-19T08:16:43+00:00\",\"dateModified\":\"2025-12-01T14:01:39+00:00\",\"description\":\"Contactez Healthy Laser ou prenez rendez-vous pour votre s\u00e9ance d\u2019arr\u00eat du tabac \u00e0 Bnei Brak. Adresse, horaires et formulaire de contact disponibles ici.\",\"breadcrumb\":{\"@id\":\"https:\/\/healthy-laser.co.il\/fr\/contact#breadcrumb\"},\"inLanguage\":\"fr-FR\",\"potentialAction\":[{\"@type\":\"ReadAction\",\"target\":[\"https:\/\/healthy-laser.co.il\/fr\/contact\"]}]},{\"@type\":\"BreadcrumbList\",\"@id\":\"https:\/\/healthy-laser.co.il\/fr\/contact#breadcrumb\",\"itemListElement\":[{\"@type\":\"ListItem\",\"position\":1,\"name\":\"Accueil\",\"item\":\"https:\/\/healthy-laser.co.il\/fr\"},{\"@type\":\"ListItem\",\"position\":2,\"name\":\"Contact\"}]},{\"@type\":\"WebSite\",\"@id\":\"https:\/\/healthy-laser.co.il\/fr\/#website\",\"url\":\"https:\/\/healthy-laser.co.il\/fr\/\",\"name\":\"Healthy Laser\",\"description\":\"\",\"potentialAction\":[{\"@type\":\"SearchAction\",\"target\":{\"@type\":\"EntryPoint\",\"urlTemplate\":\"https:\/\/healthy-laser.co.il\/fr\/?s={search_term_string}\"},\"query-input\":{\"@type\":\"PropertyValueSpecification\",\"valueRequired\":true,\"valueName\":\"search_term_string\"}}],\"inLanguage\":\"fr-FR\"}]}<\/script>\n<!-- \/ Yoast SEO plugin. -->","yoast_head_json":{"title":"Prendre Rendez-Vous - Healthy Laser","description":"Contactez Healthy Laser ou prenez rendez-vous pour votre s\u00e9ance d\u2019arr\u00eat du tabac \u00e0 Bnei Brak. Adresse, horaires et formulaire de contact disponibles ici.","robots":{"index":"index","follow":"follow","max-snippet":"max-snippet:-1","max-image-preview":"max-image-preview:large","max-video-preview":"max-video-preview:-1"},"canonical":"https:\/\/healthy-laser.co.il\/fr\/contact","og_locale":"fr_FR","og_type":"article","og_title":"Prendre Rendez-Vous - Healthy Laser","og_description":"Contactez Healthy Laser ou prenez rendez-vous pour votre s\u00e9ance d\u2019arr\u00eat du tabac \u00e0 Bnei Brak. Adresse, horaires et formulaire de contact disponibles ici.","og_url":"https:\/\/healthy-laser.co.il\/fr\/contact","og_site_name":"Healthy Laser","article_modified_time":"2025-12-01T14:01:39+00:00","twitter_card":"summary_large_image","twitter_misc":{"Dur\u00e9e de lecture estim\u00e9e":"1 minute"},"schema":{"@context":"https:\/\/schema.org","@graph":[{"@type":"WebPage","@id":"https:\/\/healthy-laser.co.il\/fr\/contact","url":"https:\/\/healthy-laser.co.il\/fr\/contact","name":"Prendre Rendez-Vous - Healthy Laser","isPartOf":{"@id":"https:\/\/healthy-laser.co.il\/fr\/#website"},"datePublished":"2025-10-19T08:16:43+00:00","dateModified":"2025-12-01T14:01:39+00:00","description":"Contactez Healthy Laser ou prenez rendez-vous pour votre s\u00e9ance d\u2019arr\u00eat du tabac \u00e0 Bnei Brak. Adresse, horaires et formulaire de contact disponibles ici.","breadcrumb":{"@id":"https:\/\/healthy-laser.co.il\/fr\/contact#breadcrumb"},"inLanguage":"fr-FR","potentialAction":[{"@type":"ReadAction","target":["https:\/\/healthy-laser.co.il\/fr\/contact"]}]},{"@type":"BreadcrumbList","@id":"https:\/\/healthy-laser.co.il\/fr\/contact#breadcrumb","itemListElement":[{"@type":"ListItem","position":1,"name":"Accueil","item":"https:\/\/healthy-laser.co.il\/fr"},{"@type":"ListItem","position":2,"name":"Contact"}]},{"@type":"WebSite","@id":"https:\/\/healthy-laser.co.il\/fr\/#website","url":"https:\/\/healthy-laser.co.il\/fr\/","name":"Healthy Laser","description":"","potentialAction":[{"@type":"SearchAction","target":{"@type":"EntryPoint","urlTemplate":"https:\/\/healthy-laser.co.il\/fr\/?s={search_term_string}"},"query-input":{"@type":"PropertyValueSpecification","valueRequired":true,"valueName":"search_term_string"}}],"inLanguage":"fr-FR"}]}},"_links":{"self":[{"href":"https:\/\/healthy-laser.co.il\/fr\/wp-json\/wp\/v2\/pages\/456","targetHints":{"allow":["GET"]}}],"collection":[{"href":"https:\/\/healthy-laser.co.il\/fr\/wp-json\/wp\/v2\/pages"}],"about":[{"href":"https:\/\/healthy-laser.co.il\/fr\/wp-json\/wp\/v2\/types\/page"}],"author":[{"embeddable":true,"href":"https:\/\/healthy-laser.co.il\/fr\/wp-json\/wp\/v2\/users\/1"}],"replies":[{"embeddable":true,"href":"https:\/\/healthy-laser.co.il\/fr\/wp-json\/wp\/v2\/comments?post=456"}],"version-history":[{"count":34,"href":"https:\/\/healthy-laser.co.il\/fr\/wp-json\/wp\/v2\/pages\/456\/revisions"}],"predecessor-version":[{"id":1039,"href":"https:\/\/healthy-laser.co.il\/fr\/wp-json\/wp\/v2\/pages\/456\/revisions\/1039"}],"wp:attachment":[{"href":"https:\/\/healthy-laser.co.il\/fr\/wp-json\/wp\/v2\/media?parent=456"}],"curies":[{"name":"wp","href":"https:\/\/api.w.org\/{rel}","templated":true}]}}