{"id":407,"date":"2025-10-19T07:53:42","date_gmt":"2025-10-19T07:53:42","guid":{"rendered":"https:\/\/healthy-laser.co.il\/?page_id=407"},"modified":"2025-11-19T08:11:46","modified_gmt":"2025-11-19T08:11:46","slug":"blog","status":"publish","type":"page","link":"https:\/\/healthy-laser.co.il\/fr\/blog","title":{"rendered":"Blog"},"content":{"rendered":"\t\t<div data-elementor-type=\"wp-page\" data-elementor-id=\"407\" class=\"elementor elementor-407\" data-elementor-post-type=\"page\">\n\t\t\t\t<div class=\"elementor-element elementor-element-046b1eb e-con-full e-flex e-con e-parent\" data-id=\"046b1eb\" data-element_type=\"container\" data-settings=\"{&quot;background_background&quot;:&quot;classic&quot;}\">\n\t\t\t\t<\/div>\n\t\t<div class=\"elementor-element elementor-element-85d4367 e-flex e-con-boxed e-con e-parent\" data-id=\"85d4367\" data-element_type=\"container\">\n\t\t\t\t\t<div class=\"e-con-inner\">\n\t\t\t\t<div class=\"elementor-element elementor-element-85847bd elementor-grid-4 elementor-grid-tablet-2 elementor-grid-mobile-1 elementor-widget elementor-widget-loop-grid\" data-id=\"85847bd\" data-element_type=\"widget\" data-settings=\"{&quot;template_id&quot;:115,&quot;columns&quot;:4,&quot;pagination_type&quot;:&quot;load_more_on_click&quot;,&quot;_skin&quot;:&quot;post&quot;,&quot;columns_tablet&quot;:&quot;2&quot;,&quot;columns_mobile&quot;:&quot;1&quot;,&quot;edit_handle_selector&quot;:&quot;[data-elementor-type=\\&quot;loop-item\\&quot;]&quot;,&quot;load_more_spinner&quot;:{&quot;value&quot;:&quot;fas fa-spinner&quot;,&quot;library&quot;:&quot;fa-solid&quot;},&quot;row_gap&quot;:{&quot;unit&quot;:&quot;px&quot;,&quot;size&quot;:&quot;&quot;,&quot;sizes&quot;:[]},&quot;row_gap_tablet&quot;:{&quot;unit&quot;:&quot;px&quot;,&quot;size&quot;:&quot;&quot;,&quot;sizes&quot;:[]},&quot;row_gap_mobile&quot;:{&quot;unit&quot;:&quot;px&quot;,&quot;size&quot;:&quot;&quot;,&quot;sizes&quot;:[]}}\" data-widget_type=\"loop-grid.post\">\n\t\t\t\t<div class=\"elementor-widget-container\">\n\t\t\t\t\t\t\t<div class=\"elementor-loop-container elementor-grid\" role=\"list\">\n\t\t<style id=\"loop-115\">.elementor-115 .elementor-element.elementor-element-d282478{--display:flex;--gap:13px 13px;--row-gap:13px;--column-gap:13px;}.elementor-widget-theme-post-featured-image .widget-image-caption{color:var( --e-global-color-text );font-family:var( --e-global-typography-text-font-family ), Sans-serif;font-weight:var( --e-global-typography-text-font-weight );}.elementor-115 .elementor-element.elementor-element-175a07d{width:initial;max-width:initial;}.elementor-widget-theme-post-title .elementor-heading-title{font-family:var( --e-global-typography-primary-font-family ), Sans-serif;font-weight:var( --e-global-typography-primary-font-weight );color:var( --e-global-color-primary );}.elementor-115 .elementor-element.elementor-element-e891f45 .elementor-heading-title{font-family:\"League Spartan\", Sans-serif;font-size:15px;font-weight:800;text-transform:uppercase;color:var( --e-global-color-secondary );}.elementor-widget-theme-post-excerpt .elementor-widget-container{font-family:var( --e-global-typography-text-font-family ), Sans-serif;font-weight:var( --e-global-typography-text-font-weight );color:var( --e-global-color-text );}.elementor-115 .elementor-element.elementor-element-7b26ab0 .elementor-widget-container{font-family:\"Poppins\", Sans-serif;font-size:12px;font-weight:400;line-height:21px;color:var( --e-global-color-secondary );}.elementor-widget-text-editor{font-family:var( --e-global-typography-text-font-family ), Sans-serif;font-weight:var( --e-global-typography-text-font-weight );color:var( --e-global-color-text );}.elementor-widget-text-editor.elementor-drop-cap-view-stacked .elementor-drop-cap{background-color:var( --e-global-color-primary );}.elementor-widget-text-editor.elementor-drop-cap-view-framed .elementor-drop-cap, .elementor-widget-text-editor.elementor-drop-cap-view-default .elementor-drop-cap{color:var( --e-global-color-primary );border-color:var( --e-global-color-primary );}.elementor-115 .elementor-element.elementor-element-71d557c{font-family:\"Poppins\", Sans-serif;font-size:13px;font-weight:700;text-decoration:underline;line-height:18px;color:var( --e-global-color-secondary );}@media(min-width:768px){.elementor-115 .elementor-element.elementor-element-d282478{--content-width:284px;}}<\/style>\t\t<div data-elementor-type=\"loop-item\" data-elementor-id=\"115\" class=\"elementor elementor-115 e-loop-item e-loop-item-120 post-120 post type-post status-publish format-standard has-post-thumbnail hentry category-non-classifiee\" data-elementor-post-type=\"elementor_library\" data-custom-edit-handle=\"1\">\n\t\t\t<a class=\"elementor-element elementor-element-d282478 e-flex e-con-boxed e-con e-parent\" data-id=\"d282478\" data-element_type=\"container\" href=\"https:\/\/healthy-laser.co.il\/fr\/pourquoi-une-seule-seance-peut-suffire-pour-arreter-de-fumer\">\n\t\t\t\t\t<div class=\"e-con-inner\">\n\t\t\t\t<div class=\"elementor-element elementor-element-175a07d elementor-widget__width-initial elementor-widget elementor-widget-theme-post-featured-image elementor-widget-image\" data-id=\"175a07d\" data-element_type=\"widget\" data-widget_type=\"theme-post-featured-image.default\">\n\t\t\t\t<div class=\"elementor-widget-container\">\n\t\t\t\t\t\t\t\t\t\t\t\t\t\t\t<img fetchpriority=\"high\" decoding=\"async\" width=\"800\" height=\"575\" src=\"https:\/\/healthy-laser.co.il\/wp-content\/uploads\/2025\/10\/Mask-group-1024x736.png\" class=\"attachment-large size-large wp-image-121\" alt=\"\" srcset=\"https:\/\/healthy-laser.co.il\/wp-content\/uploads\/2025\/10\/Mask-group-1024x736.png 1024w, https:\/\/healthy-laser.co.il\/wp-content\/uploads\/2025\/10\/Mask-group-300x215.png 300w, https:\/\/healthy-laser.co.il\/wp-content\/uploads\/2025\/10\/Mask-group-768x552.png 768w, https:\/\/healthy-laser.co.il\/wp-content\/uploads\/2025\/10\/Mask-group.png 1136w\" sizes=\"(max-width: 800px) 100vw, 800px\" \/>\t\t\t\t\t\t\t\t\t\t\t\t\t\t\t<\/div>\n\t\t\t\t<\/div>\n\t\t\t\t<div class=\"elementor-element elementor-element-e891f45 elementor-widget elementor-widget-theme-post-title elementor-page-title elementor-widget-heading\" data-id=\"e891f45\" data-element_type=\"widget\" data-widget_type=\"theme-post-title.default\">\n\t\t\t\t<div class=\"elementor-widget-container\">\n\t\t\t\t\t<h1 class=\"elementor-heading-title elementor-size-default\">Pourquoi une seule s\u00e9ance peut suffire pour arr\u00eater de fumer<\/h1>\t\t\t\t<\/div>\n\t\t\t\t<\/div>\n\t\t\t\t<div class=\"elementor-element elementor-element-7b26ab0 elementor-widget elementor-widget-theme-post-excerpt\" data-id=\"7b26ab0\" data-element_type=\"widget\" data-widget_type=\"theme-post-excerpt.default\">\n\t\t\t\t<div class=\"elementor-widget-container\">\n\t\t\t\t\tLa m\u00e9thode Healthy Laser agit directement sur les points r\u00e9flexes de l\u2019oreille pour r\u00e9duire l\u2019envie de nicotine. R\u00e9sultat : en seulement une s\u00e9ance, vous pouvez rompre avec la d\u00e9pendance et retrouver votre libert\u00e9.\t\t\t\t<\/div>\n\t\t\t\t<\/div>\n\t\t\t\t<div class=\"elementor-element elementor-element-71d557c elementor-widget elementor-widget-text-editor\" data-id=\"71d557c\" data-element_type=\"widget\" data-widget_type=\"text-editor.default\">\n\t\t\t\t<div class=\"elementor-widget-container\">\n\t\t\t\t\t\t\t\t\t<p>En savoir plus<\/p>\t\t\t\t\t\t\t\t<\/div>\n\t\t\t\t<\/div>\n\t\t\t\t\t<\/div>\n\t\t\t\t<\/a>\n\t\t\t\t<\/div>\n\t\t\t\t<\/div>\n\t\t\t\t\t<span class=\"e-load-more-spinner\">\n\t\t\t\t<svg aria-hidden=\"true\" class=\"e-font-icon-svg e-fas-spinner\" viewBox=\"0 0 512 512\" xmlns=\"http:\/\/www.w3.org\/2000\/svg\"><path d=\"M304 48c0 26.51-21.49 48-48 48s-48-21.49-48-48 21.49-48 48-48 48 21.49 48 48zm-48 368c-26.51 0-48 21.49-48 48s21.49 48 48 48 48-21.49 48-48-21.49-48-48-48zm208-208c-26.51 0-48 21.49-48 48s21.49 48 48 48 48-21.49 48-48-21.49-48-48-48zM96 256c0-26.51-21.49-48-48-48S0 229.49 0 256s21.49 48 48 48 48-21.49 48-48zm12.922 99.078c-26.51 0-48 21.49-48 48s21.49 48 48 48 48-21.49 48-48c0-26.509-21.491-48-48-48zm294.156 0c-26.51 0-48 21.49-48 48s21.49 48 48 48 48-21.49 48-48c0-26.509-21.49-48-48-48zM108.922 60.922c-26.51 0-48 21.49-48 48s21.49 48 48 48 48-21.49 48-48-21.491-48-48-48z\"><\/path><\/svg>\t\t\t<\/span>\n\t\t\n\t\t\t\t\t\t<\/div>\n\t\t\t\t<\/div>\n\t\t\t\t\t<\/div>\n\t\t\t\t<\/div>\n\t\t\t\t<\/div>\n\t\t","protected":false},"excerpt":{"rendered":"","protected":false},"author":1,"featured_media":0,"parent":0,"menu_order":0,"comment_status":"closed","ping_status":"closed","template":"","meta":{"footnotes":""},"class_list":["post-407","page","type-page","status-publish","hentry"],"yoast_head":"<!-- This site is optimized with the Yoast SEO plugin v26.4 - https:\/\/yoast.com\/wordpress\/plugins\/seo\/ -->\n<title>Articles &amp; Conseils pour Arr\u00eater de Fumer - Blog Healthy Laser<\/title>\n<meta name=\"description\" content=\"D\u00e9couvrez nos articles, conseils et informations sur l\u2019arr\u00eat du tabac, la m\u00e9thode laser et le bien-\u00eatre. Le blog Healthy Laser r\u00e9pond \u00e0 toutes vos questions.\" \/>\n<meta name=\"robots\" content=\"index, follow, max-snippet:-1, max-image-preview:large, max-video-preview:-1\" \/>\n<link rel=\"canonical\" href=\"https:\/\/healthy-laser.co.il\/fr\/blog\" \/>\n<meta property=\"og:locale\" content=\"fr_FR\" \/>\n<meta property=\"og:type\" content=\"article\" \/>\n<meta property=\"og:title\" content=\"Articles &amp; Conseils pour Arr\u00eater de Fumer - Blog Healthy Laser\" \/>\n<meta property=\"og:description\" content=\"D\u00e9couvrez nos articles, conseils et informations sur l\u2019arr\u00eat du tabac, la m\u00e9thode laser et le bien-\u00eatre. Le blog Healthy Laser r\u00e9pond \u00e0 toutes vos questions.\" \/>\n<meta property=\"og:url\" content=\"https:\/\/healthy-laser.co.il\/fr\/blog\" \/>\n<meta property=\"og:site_name\" content=\"Healthy Laser\" \/>\n<meta property=\"article:modified_time\" content=\"2025-11-19T08:11:46+00:00\" \/>\n<meta name=\"twitter:card\" content=\"summary_large_image\" \/>\n<script type=\"application\/ld+json\" class=\"yoast-schema-graph\">{\"@context\":\"https:\/\/schema.org\",\"@graph\":[{\"@type\":\"WebPage\",\"@id\":\"https:\/\/healthy-laser.co.il\/fr\/blog\",\"url\":\"https:\/\/healthy-laser.co.il\/fr\/blog\",\"name\":\"Articles & Conseils pour Arr\u00eater de Fumer - Blog Healthy Laser\",\"isPartOf\":{\"@id\":\"https:\/\/healthy-laser.co.il\/fr\/#website\"},\"datePublished\":\"2025-10-19T07:53:42+00:00\",\"dateModified\":\"2025-11-19T08:11:46+00:00\",\"description\":\"D\u00e9couvrez nos articles, conseils et informations sur l\u2019arr\u00eat du tabac, la m\u00e9thode laser et le bien-\u00eatre. Le blog Healthy Laser r\u00e9pond \u00e0 toutes vos questions.\",\"breadcrumb\":{\"@id\":\"https:\/\/healthy-laser.co.il\/fr\/blog#breadcrumb\"},\"inLanguage\":\"fr-FR\",\"potentialAction\":[{\"@type\":\"ReadAction\",\"target\":[\"https:\/\/healthy-laser.co.il\/fr\/blog\"]}]},{\"@type\":\"BreadcrumbList\",\"@id\":\"https:\/\/healthy-laser.co.il\/fr\/blog#breadcrumb\",\"itemListElement\":[{\"@type\":\"ListItem\",\"position\":1,\"name\":\"Accueil\",\"item\":\"https:\/\/healthy-laser.co.il\/fr\"},{\"@type\":\"ListItem\",\"position\":2,\"name\":\"Blog\"}]},{\"@type\":\"WebSite\",\"@id\":\"https:\/\/healthy-laser.co.il\/fr\/#website\",\"url\":\"https:\/\/healthy-laser.co.il\/fr\/\",\"name\":\"Healthy Laser\",\"description\":\"\",\"potentialAction\":[{\"@type\":\"SearchAction\",\"target\":{\"@type\":\"EntryPoint\",\"urlTemplate\":\"https:\/\/healthy-laser.co.il\/fr\/?s={search_term_string}\"},\"query-input\":{\"@type\":\"PropertyValueSpecification\",\"valueRequired\":true,\"valueName\":\"search_term_string\"}}],\"inLanguage\":\"fr-FR\"}]}<\/script>\n<!-- \/ Yoast SEO plugin. -->","yoast_head_json":{"title":"Articles & Conseils pour Arr\u00eater de Fumer - Blog Healthy Laser","description":"D\u00e9couvrez nos articles, conseils et informations sur l\u2019arr\u00eat du tabac, la m\u00e9thode laser et le bien-\u00eatre. Le blog Healthy Laser r\u00e9pond \u00e0 toutes vos questions.","robots":{"index":"index","follow":"follow","max-snippet":"max-snippet:-1","max-image-preview":"max-image-preview:large","max-video-preview":"max-video-preview:-1"},"canonical":"https:\/\/healthy-laser.co.il\/fr\/blog","og_locale":"fr_FR","og_type":"article","og_title":"Articles & Conseils pour Arr\u00eater de Fumer - Blog Healthy Laser","og_description":"D\u00e9couvrez nos articles, conseils et informations sur l\u2019arr\u00eat du tabac, la m\u00e9thode laser et le bien-\u00eatre. Le blog Healthy Laser r\u00e9pond \u00e0 toutes vos questions.","og_url":"https:\/\/healthy-laser.co.il\/fr\/blog","og_site_name":"Healthy Laser","article_modified_time":"2025-11-19T08:11:46+00:00","twitter_card":"summary_large_image","schema":{"@context":"https:\/\/schema.org","@graph":[{"@type":"WebPage","@id":"https:\/\/healthy-laser.co.il\/fr\/blog","url":"https:\/\/healthy-laser.co.il\/fr\/blog","name":"Articles & Conseils pour Arr\u00eater de Fumer - Blog Healthy Laser","isPartOf":{"@id":"https:\/\/healthy-laser.co.il\/fr\/#website"},"datePublished":"2025-10-19T07:53:42+00:00","dateModified":"2025-11-19T08:11:46+00:00","description":"D\u00e9couvrez nos articles, conseils et informations sur l\u2019arr\u00eat du tabac, la m\u00e9thode laser et le bien-\u00eatre. Le blog Healthy Laser r\u00e9pond \u00e0 toutes vos questions.","breadcrumb":{"@id":"https:\/\/healthy-laser.co.il\/fr\/blog#breadcrumb"},"inLanguage":"fr-FR","potentialAction":[{"@type":"ReadAction","target":["https:\/\/healthy-laser.co.il\/fr\/blog"]}]},{"@type":"BreadcrumbList","@id":"https:\/\/healthy-laser.co.il\/fr\/blog#breadcrumb","itemListElement":[{"@type":"ListItem","position":1,"name":"Accueil","item":"https:\/\/healthy-laser.co.il\/fr"},{"@type":"ListItem","position":2,"name":"Blog"}]},{"@type":"WebSite","@id":"https:\/\/healthy-laser.co.il\/fr\/#website","url":"https:\/\/healthy-laser.co.il\/fr\/","name":"Healthy Laser","description":"","potentialAction":[{"@type":"SearchAction","target":{"@type":"EntryPoint","urlTemplate":"https:\/\/healthy-laser.co.il\/fr\/?s={search_term_string}"},"query-input":{"@type":"PropertyValueSpecification","valueRequired":true,"valueName":"search_term_string"}}],"inLanguage":"fr-FR"}]}},"_links":{"self":[{"href":"https:\/\/healthy-laser.co.il\/fr\/wp-json\/wp\/v2\/pages\/407","targetHints":{"allow":["GET"]}}],"collection":[{"href":"https:\/\/healthy-laser.co.il\/fr\/wp-json\/wp\/v2\/pages"}],"about":[{"href":"https:\/\/healthy-laser.co.il\/fr\/wp-json\/wp\/v2\/types\/page"}],"author":[{"embeddable":true,"href":"https:\/\/healthy-laser.co.il\/fr\/wp-json\/wp\/v2\/users\/1"}],"replies":[{"embeddable":true,"href":"https:\/\/healthy-laser.co.il\/fr\/wp-json\/wp\/v2\/comments?post=407"}],"version-history":[{"count":19,"href":"https:\/\/healthy-laser.co.il\/fr\/wp-json\/wp\/v2\/pages\/407\/revisions"}],"predecessor-version":[{"id":586,"href":"https:\/\/healthy-laser.co.il\/fr\/wp-json\/wp\/v2\/pages\/407\/revisions\/586"}],"wp:attachment":[{"href":"https:\/\/healthy-laser.co.il\/fr\/wp-json\/wp\/v2\/media?parent=407"}],"curies":[{"name":"wp","href":"https:\/\/api.w.org\/{rel}","templated":true}]}}